{"id":57,"date":"2025-10-16T20:45:07","date_gmt":"2025-10-16T18:45:07","guid":{"rendered":"https:\/\/2blogic.eu\/wordpress\/?page_id=57"},"modified":"2025-10-27T13:36:18","modified_gmt":"2025-10-27T12:36:18","slug":"kapcsolat","status":"publish","type":"page","link":"https:\/\/2blogic.eu\/index.php\/kapcsolat\/","title":{"rendered":""},"content":{"rendered":"\n<h2>2BLogic<\/h2><font size=3 color=\"#fff\">Barakonyi B\u00e1lint e.v.<\/font><br>\n<font color=\"#fff\" size=3>2310 Szigetszentmikl\u00f3s, Cinege u. 16\/A<\/font><br>\n<font color=\"#fff\" size=3>Ad\u00f3sz\u00e1m: 64813446-1-33<\/font><br>\n<font color=\"#fff\" size=3>Sz\u00e1mlasz\u00e1m: UniCredit 10918001-00000116-32150005<\/font>\n\n\n\n<div style=\"height:48px\" aria-hidden=\"true\" class=\"wp-block-spacer\"><\/div>\n\n\n\n<div class=\"wpcf7 no-js\" id=\"wpcf7-f116-o1\" lang=\"hu-HU\" dir=\"ltr\" data-wpcf7-id=\"116\">\n<div class=\"screen-reader-response\"><p role=\"status\" aria-live=\"polite\" aria-atomic=\"true\"><\/p> <ul><\/ul><\/div>\n<form action=\"\/index.php\/wp-json\/wp\/v2\/pages\/57#wpcf7-f116-o1\" method=\"post\" class=\"wpcf7-form init\" aria-label=\"Kapcsolatfelv\u00e9teli \u0171rlap\" novalidate=\"novalidate\" data-status=\"init\">\n<fieldset class=\"hidden-fields-container\"><input type=\"hidden\" name=\"_wpcf7\" value=\"116\" \/><input type=\"hidden\" name=\"_wpcf7_version\" value=\"6.1.6\" \/><input type=\"hidden\" name=\"_wpcf7_locale\" value=\"hu_HU\" \/><input type=\"hidden\" name=\"_wpcf7_unit_tag\" value=\"wpcf7-f116-o1\" \/><input type=\"hidden\" name=\"_wpcf7_container_post\" value=\"0\" \/><input type=\"hidden\" name=\"_wpcf7_posted_data_hash\" value=\"\" \/>\n<\/fieldset>\n<p><label> N\u00e9v<br \/>\n<span class=\"wpcf7-form-control-wrap\" data-name=\"your-name\"><input size=\"40\" maxlength=\"400\" class=\"wpcf7-form-control wpcf7-text wpcf7-validates-as-required\" autocomplete=\"name\" aria-required=\"true\" aria-invalid=\"false\" value=\"\" type=\"text\" name=\"your-name\" \/><\/span> <\/label>\n<\/p>\n<p><label> E-mail c\u00edm<br \/>\n<span class=\"wpcf7-form-control-wrap\" data-name=\"your-email\"><input size=\"40\" maxlength=\"400\" class=\"wpcf7-form-control wpcf7-email wpcf7-validates-as-required wpcf7-text wpcf7-validates-as-email\" autocomplete=\"email\" aria-required=\"true\" aria-invalid=\"false\" value=\"\" type=\"email\" name=\"your-email\" \/><\/span> <\/label>\n<\/p>\n<p><label> Telefonsz\u00e1m<br \/>\n<span class=\"wpcf7-form-control-wrap\" data-name=\"tel-345\"><input size=\"40\" maxlength=\"400\" class=\"wpcf7-form-control wpcf7-tel wpcf7-text wpcf7-validates-as-tel\" autocomplete=\"tel\" aria-invalid=\"false\" placeholder=\"+36(__)___-____\" value=\"\" type=\"tel\" name=\"tel-345\" \/><\/span><\/label>\n<\/p>\n<p><label> T\u00e9ma<br \/>\n<span class=\"wpcf7-form-control-wrap\" data-name=\"select-985\"><select class=\"wpcf7-form-control wpcf7-select wpcf7-validates-as-required\" aria-required=\"true\" aria-invalid=\"false\" name=\"select-985\"><option value=\"\">-- K\u00e9rem v\u00e1lasszon --<\/option><option value=\"\u00c1ltal\u00e1nos kapcsolatfelv\u00e9tel\">\u00c1ltal\u00e1nos kapcsolatfelv\u00e9tel<\/option><option value=\"\u00c1raj\u00e1nlat k\u00e9r\u00e9se\">\u00c1raj\u00e1nlat k\u00e9r\u00e9se<\/option><option value=\"\u00c9rdekl\u0151d\u00e9s szolg\u00e1ltat\u00e1sr\u00f3l\">\u00c9rdekl\u0151d\u00e9s szolg\u00e1ltat\u00e1sr\u00f3l<\/option><option value=\"\u00dczemeltet\u00e9s\">\u00dczemeltet\u00e9s<\/option><option value=\"Fejleszt\u00e9s\">Fejleszt\u00e9s<\/option><option value=\"Tan\u00e1csad\u00e1s\">Tan\u00e1csad\u00e1s<\/option><option value=\"Kiskereskedelem\">Kiskereskedelem<\/option><option value=\"Oktat\u00e1s\">Oktat\u00e1s<\/option><option value=\"ESET v\u00e9delmi term\u00e9kek\">ESET v\u00e9delmi term\u00e9kek<\/option><\/select><\/span><\/label>\n<\/p>\n<p><label> \u00dczenet (nem k\u00f6telez\u0151)<br \/>\n<span class=\"wpcf7-form-control-wrap\" data-name=\"your-message\"><textarea cols=\"40\" rows=\"10\" maxlength=\"2000\" class=\"wpcf7-form-control wpcf7-textarea\" aria-invalid=\"false\" name=\"your-message\"><\/textarea><\/span> <\/label>\n<\/p>\n<p><div id=\"cf7sr-6a07080e1e976\" class=\"cf7sr-g-recaptcha\" data-theme=\"dark\" data-type=\"image\" data-size=\"normal\" data-sitekey=\"6LfD8rkqAAAAAAaaCi1-29KHxjTa6xKJegyQYazh\"><\/div><span class=\"wpcf7-form-control-wrap cf7sr-recaptcha\" data-name=\"cf7sr-recaptcha\"><input type=\"hidden\" name=\"cf7sr-recaptcha\" value=\"\" class=\"wpcf7-form-control\"><\/span><br \/>\n<input class=\"wpcf7-form-control wpcf7-submit has-spinner\" type=\"submit\" value=\"Bek\u00fcld\u00e9s\" \/>\n<\/p><div class=\"wpcf7-response-output\" aria-hidden=\"true\"><\/div>\n<\/form>\n<\/div>\n\n","protected":false},"excerpt":{"rendered":"<p>2BLogic Barakonyi B\u00e1lint e.v. 2310 Szigetszentmikl\u00f3s, Cinege u. 16\/A Ad\u00f3sz\u00e1m: 64813446-1-33 Sz\u00e1mlasz\u00e1m: UniCredit 10918001-00000116-32150005<\/p>\n","protected":false},"author":1,"featured_media":98,"parent":0,"menu_order":0,"comment_status":"closed","ping_status":"closed","template":"","meta":{"footnotes":""},"class_list":["post-57","page","type-page","status-publish","has-post-thumbnail","hentry"],"_links":{"self":[{"href":"https:\/\/2blogic.eu\/index.php\/wp-json\/wp\/v2\/pages\/57","targetHints":{"allow":["GET"]}}],"collection":[{"href":"https:\/\/2blogic.eu\/index.php\/wp-json\/wp\/v2\/pages"}],"about":[{"href":"https:\/\/2blogic.eu\/index.php\/wp-json\/wp\/v2\/types\/page"}],"author":[{"embeddable":true,"href":"https:\/\/2blogic.eu\/index.php\/wp-json\/wp\/v2\/users\/1"}],"replies":[{"embeddable":true,"href":"https:\/\/2blogic.eu\/index.php\/wp-json\/wp\/v2\/comments?post=57"}],"version-history":[{"count":9,"href":"https:\/\/2blogic.eu\/index.php\/wp-json\/wp\/v2\/pages\/57\/revisions"}],"predecessor-version":[{"id":154,"href":"https:\/\/2blogic.eu\/index.php\/wp-json\/wp\/v2\/pages\/57\/revisions\/154"}],"wp:featuredmedia":[{"embeddable":true,"href":"https:\/\/2blogic.eu\/index.php\/wp-json\/wp\/v2\/media\/98"}],"wp:attachment":[{"href":"https:\/\/2blogic.eu\/index.php\/wp-json\/wp\/v2\/media?parent=57"}],"curies":[{"name":"wp","href":"https:\/\/api.w.org\/{rel}","templated":true}]}}